{"id":2,"date":"2023-05-23T11:09:40","date_gmt":"2023-05-23T11:09:40","guid":{"rendered":"https:\/\/remibolduc.com\/fr\/?page_id=2"},"modified":"2024-05-30T10:31:46","modified_gmt":"2024-05-30T10:31:46","slug":"sample-page","status":"publish","type":"page","link":"https:\/\/remibolduc.com\/fr\/sample-page\/","title":{"rendered":"Biographie"},"content":{"rendered":"<div id='full_slider_1'  class='avia-fullwidth-slider main_color avia-shadow   avia-builder-el-0  el_before_av_layout_row  avia-builder-el-first   container_wrap sidebar_right'  >\n<style type=\"text\/css\" data-created_by=\"avia_inline_auto\" id=\"style-css-av-li4zu4fo-b17c09ecaf9b88502a37786c823ad622\">\n@keyframes av_slideshow_img_scale_av-li4zu4fo-b17c09ecaf9b88502a37786c823ad622 {\n   0% { transform: scale(1.3); opacity: 1; }\n 100% { transform: scale(1.03); opacity: 1; }\n}\n.avia-slideshow.av-li4zu4fo-b17c09ecaf9b88502a37786c823ad622 .avia-slideshow-slide.next-active-slide img{\nanimation:av_slideshow_img_scale_av-li4zu4fo-b17c09ecaf9b88502a37786c823ad622 3s 1 ease-in-out;\ntransform:scale(1.03);\nopacity:1;\n}\n#top #wrap_all .avia-slideshow .av-slideshow-caption.av-li4zu4fo-b17c09ecaf9b88502a37786c823ad622__0 .avia-caption-title{\nfont-size:32px;\n}\n<\/style>\n<div  class='avia-slideshow av-li4zu4fo-b17c09ecaf9b88502a37786c823ad622 avia-slideshow-featured_large av_slideshow_full avia-slide-slider av-slideshow-ui av-control-hidden av-no-slider-navigation av-hide-nav-arrows av-slideshow-manual av-loop-once av-loop-manual-endless av-default-height-applied   avia-slideshow-1' data-slideshow-options=\"{&quot;animation&quot;:&quot;slide&quot;,&quot;autoplay&quot;:false,&quot;loop_autoplay&quot;:&quot;once&quot;,&quot;interval&quot;:5,&quot;loop_manual&quot;:&quot;manual-endless&quot;,&quot;autoplay_stopper&quot;:false,&quot;noNavigation&quot;:true,&quot;bg_slider&quot;:false,&quot;keep_padding&quot;:false,&quot;hoverpause&quot;:false,&quot;show_slide_delay&quot;:0}\"  itemprop=\"image\" itemscope=\"itemscope\" itemtype=\"https:\/\/schema.org\/ImageObject\" ><ul class='avia-slideshow-inner ' style='padding-bottom: 42%;'><li  class='avia-slideshow-slide av-li4zu4fo-b17c09ecaf9b88502a37786c823ad622__0  av-single-slide slide-1 slide-odd'><div data-rel='slideshow-1' class='avia-slide-wrap '   ><div class='av-slideshow-caption av-li4zu4fo-b17c09ecaf9b88502a37786c823ad622__0 caption_fullwidth caption_left'><div class=\"container caption_container\"><div class=\"slideshow_caption\"><div class=\"slideshow_inner_caption\"><div class=\"slideshow_align_caption\"><h2 class='avia-caption-title '  itemprop=\"name\" >Biographie<\/h2><\/div><\/div><\/div><\/div><\/div><img decoding=\"async\" fetchpriority=\"high\" class=\"wp-image-276 avia-img-lazy-loading-not-276\"  src=\"https:\/\/remibolduc.com\/fr\/wp-content\/uploads\/sites\/2\/2023\/05\/remi_bolduc_4.jpg\" width=\"1500\" height=\"630\" title='remi_bolduc_4' alt=''  itemprop=\"thumbnailUrl\" srcset=\"https:\/\/remibolduc.com\/fr\/wp-content\/uploads\/sites\/2\/2023\/05\/remi_bolduc_4.jpg 1500w, https:\/\/remibolduc.com\/fr\/wp-content\/uploads\/sites\/2\/2023\/05\/remi_bolduc_4-300x126.jpg 300w, https:\/\/remibolduc.com\/fr\/wp-content\/uploads\/sites\/2\/2023\/05\/remi_bolduc_4-1030x433.jpg 1030w, https:\/\/remibolduc.com\/fr\/wp-content\/uploads\/sites\/2\/2023\/05\/remi_bolduc_4-768x323.jpg 768w, https:\/\/remibolduc.com\/fr\/wp-content\/uploads\/sites\/2\/2023\/05\/remi_bolduc_4-705x296.jpg 705w\" sizes=\"(max-width: 1500px) 100vw, 1500px\" \/><\/div><\/li><\/ul><\/div><\/div>\n<div id='av-layout-grid-1'  class='av-layout-grid-container av-li52q35p-5867b2a884bd249bc3f3ad689fe37fdd entry-content-wrapper main_color av-border-cells av-flex-cells  avia-builder-el-1  el_after_av_slideshow_full  avia-builder-el-last  grid-row-not-first  container_wrap sidebar_right'  >\n\n<style type=\"text\/css\" data-created_by=\"avia_inline_auto\" id=\"style-css-av-li52pvl9-e8c837ce7fdc95db136b5dd279663be4\">\n.flex_cell.av-li52pvl9-e8c837ce7fdc95db136b5dd279663be4{\nvertical-align:top;\nheight:600px;\nmin-height:600px;\nbackground:url(https:\/\/remibolduc.com\/fr\/wp-content\/uploads\/sites\/2\/2023\/05\/remi_bolduc_bio.jpg) 50% 0% no-repeat scroll ;\n}\n<\/style>\n<div class='flex_cell av-li52pvl9-e8c837ce7fdc95db136b5dd279663be4 av-gridrow-cell av_one_third no_margin  avia-builder-el-2  el_before_av_cell_two_third  avia-builder-el-first  content-align-top avia-full-stretch'  ><div class='flex_cell_inner'><\/div><\/div>\n<style type=\"text\/css\" data-created_by=\"avia_inline_auto\" id=\"style-css-av-3oy6-2d658ce1f12db06a9118535656f6d9b4\">\n.flex_cell.av-3oy6-2d658ce1f12db06a9118535656f6d9b4{\nheight:600px;\nmin-height:600px;\n}\n<\/style>\n<div class='flex_cell av-3oy6-2d658ce1f12db06a9118535656f6d9b4 av-gridrow-cell av_two_third no_margin  avia-builder-el-3  el_after_av_cell_one_third  avia-builder-el-last '  ><div class='flex_cell_inner'><div  class='flex_column av-li38k5vy-cc7b8b2870b1fcb81ca4eaad8507f0fb av_one_full  avia-builder-el-4  avia-builder-el-no-sibling  first flex_column_div av-animated-generic left-to-right  '     ><section  class='av_textblock_section av-li38sahl-a9dcddc823ec5cd23a2e1b5e9c5e80e4 '   itemscope=\"itemscope\" itemtype=\"https:\/\/schema.org\/CreativeWork\" ><div class='avia_textblock'  itemprop=\"text\" ><h2>Biographie<\/h2>\n<p>R\u00e9mi Bolduc est un saxophoniste de jazz et \u00e9ducateur hautement accompli et respect\u00e9, avec plus de 40 ans d&#8217;exp\u00e9rience dans l&#8217;industrie musicale. Il est professeur associ\u00e9 \u00e0 l&#8217;\u00c9cole de musique Schulich de l&#8217;Universit\u00e9 McGill \u00e0 Montr\u00e9al.<\/p>\n<p>En tant que musicien, Bolduc a sorti 11 albums de jazz, avec des collaborations avec des musiciens notables tels que Kenny Werner, Marc Johnson, Ben Monder et Jerry Bergonzi. Il a \u00e9galement con\u00e7u trois mod\u00e8les de saxophones pour la compagnie Expression, qui portent son nom.<\/p>\n<p>Le talent musical et l&#8217;expertise de Bolduc lui ont valu un public d\u00e9vou\u00e9, captiv\u00e9 par sa virtuosit\u00e9 \u00e9blouissante et son style musical mature. Depuis son arriv\u00e9e \u00e0 Montr\u00e9al en 1982, il est tr\u00e8s actif sur la sc\u00e8ne musicale, participant \u00e0 de nombreux projets et enregistrant plusieurs albums. Il a fait partie de divers groupes, dont le Bernard Primeau Jazz Ensemble et le Vic Vogel Big Band, et a travaill\u00e9 avec des saxophonistes tels que Sayyd Abdul Al-Khabyyr, Simon Stone et Bob Mover.<\/p>\n<p>Un de ses projets les plus notables est le CD &#8220;Tribute to Charlie Parker&#8221;, qui a remport\u00e9 le prix F\u00c9LIX du meilleur album de jazz aux ADISQ 2011. Ses autres projets incluent The Random Masters, un hommage \u00e0 Dave Brubeck, et Sax Zenith avec PJ Perry, Phil Dwyer, Kirk MacDonald et Kelly Jefferson. Bolduc est \u00e9galement reconnu pour ses contributions innovantes, telles que son implication dans la cr\u00e9ation de la s\u00e9rie de saxophones Twigg Musique.<\/p>\n<p>La d\u00e9votion de Bolduc \u00e0 son art et son impressionnante carri\u00e8re en ont fait une figure tr\u00e8s respect\u00e9e dans le monde du jazz. Au-del\u00e0 de ses r\u00e9alisations musicales, il est un artiste Yamaha et D&#8217;Addario Canada. Il participe activement \u00e0 des initiatives \u00e9ducatives et \u00e0 des ateliers, encourageant la prochaine g\u00e9n\u00e9ration de musiciens de jazz.<\/p>\n<h2>Discographie<\/h2>\n<ul>\n<li><strong>2022<\/strong> <a href=\"https:\/\/remibolduc.com\/fr\/portfolio-item\/les-esprits-oublies\/\"><em>Les Esprits Oubli\u00e9s<\/em><\/a> avec l&#8217;invit\u00e9 Jerry Bergonzi<\/li>\n<li><strong>2018<\/strong> <a href=\"https:\/\/remibolduc.com\/fr\/portfolio-item\/sax-zenith-live\/\"><em>Sax Zenith<\/em><\/a>: Art and Soul Productions. Avec les invit\u00e9s : Phil Dwyer (Vancouver), PJ Perry (Edmonton), Kirk MacDonald et Kelly Jefferson (Toronto), Fraser Hollins \u00e0 la basse et Dave Laing \u00e0 la batterie<\/li>\n<li><strong>2017<\/strong> <a href=\"https:\/\/remibolduc.com\/fr\/portfolio-item\/swingin-with-avec-oscar\/\"><em>Swingin&#8217; with\/avec Oscar<\/em><\/a> : Art and Soul Productions. La musique d&#8217;Oscar Peterson avec le pianiste Taurey Butler<\/li>\n<li><strong>2015<\/strong> <a href=\"https:\/\/remibolduc.com\/fr\/portfolio-item\/hommage-a-tribute-to-dave-brubeck\/\"><em>Hommage \u00e0 Dave Brubeck<\/em><\/a>: Art and Soul Productions. La musique de Dave Brubeck avec le pianiste Fran\u00e7ois Bourassa<\/li>\n<li><strong>2013<\/strong> <em><a href=\"https:\/\/remibolduc.com\/fr\/portfolio-item\/random-masters\/\">Random Masters<\/a> : <\/em>Amor\u00e7age Al\u00e9atoire Les disques Effendi : R\u00e9mi Bolduc<\/li>\n<li><strong>2011<\/strong> <a href=\"https:\/\/remibolduc.com\/fr\/portfolio-item\/hommage-a-charlie-parker\/\"><em>Hommage \u00e0 Charlie Parker<\/em> <\/a>Les disques Effendi : R\u00e9mi Bolduc Jazz Ensemble : Trois saxophones alto et section rythmique (gagnant du prix F\u00e9lix pour l&#8217;album de jazz de l&#8217;ann\u00e9e)<\/li>\n<li><strong>2007<\/strong> <a href=\"https:\/\/remibolduc.com\/fr\/portfolio-item\/4-1-with-jerry-bergonzi\/\"><em>4 + 1<\/em> <\/a>Les disques Effendi : R\u00e9mi Bolduc Jazz Ensemble et Jerry Bergonzi<\/li>\n<li><strong>2005<\/strong> <a href=\"https:\/\/remibolduc.com\/fr\/portfolio-item\/cote-decoute\/\"><em>C\u00f4te d&#8217;\u00e9coute<\/em><\/a> Les disques Effendi : R\u00e9mi Bolduc trio, saxophone, piano et violoncelle<\/li>\n<li><strong>2003<\/strong> <a href=\"https:\/\/remibolduc.com\/fr\/portfolio-item\/tchat\/\"><em>TCHAT<\/em><\/a> Justin Time records : R\u00e9mi Bolduc et Kenny Werner<\/li>\n<li><strong>2001<\/strong> <a href=\"https:\/\/remibolduc.com\/fr\/portfolio-item\/tchat-copy\/\"><em>Renaissance<\/em> <\/a>Les disques Effendi : R\u00e9mi Bolduc Jazz Ensemble<\/li>\n<li><strong>1996<\/strong> <a href=\"https:\/\/remibolduc.com\/fr\/portfolio-item\/fable\/\"><em>Fable<\/em> <\/a>Les disques du Silence : R\u00e9mi Bolduc quartet avec Marc Johnson et Ben Monder<\/li>\n<\/ul>\n<h2>R\u00e9compenses et nominations<\/h2>\n<ul>\n<li><strong>2022<\/strong> Prix Opus Mention d&#8217;Excellence pour les Concerts et Cr\u00e9ations Web diffus\u00e9es, jazz (R\u00e9mi Bolduc et Jean-Michel Pilc)<\/li>\n<li><strong>2021<\/strong> Laur\u00e9at du Prix Opus : Concert de jazz de l&#8217;ann\u00e9e (R\u00e9mi Bolduc invite Funky Princess : Chantal De Villiers)<\/li>\n<li><strong>2018<\/strong> Nomin\u00e9 pour le Prix Opus : Concert de jazz de l&#8217;ann\u00e9e, concert \u00e0 la Salle Bourgie. Le G\u00e9nie de Coltrane<\/li>\n<li><strong>2017<\/strong> Nomin\u00e9 pour le Prix Opus : Concert de jazz de l&#8217;ann\u00e9e avec Jerry Bergonzi (saxophone t\u00e9nor)<\/li>\n<li><strong>2016<\/strong> Laur\u00e9at du Prix Opus : Concert de jazz de l&#8217;ann\u00e9e (Tribute to Dave Brubeck)<\/li>\n<li><strong>2016<\/strong> Nomin\u00e9 pour le Prix Opus : Album de jazz de l&#8217;ann\u00e9e (Tribute to Dave Brubeck)<\/li>\n<li><strong>2015<\/strong> Nomin\u00e9 pour l&#8217;ADISQ : Tribute to Dave Brubeck, album de jazz de l&#8217;ann\u00e9e<\/li>\n<li><strong>2014<\/strong> Nomin\u00e9 pour le Prix Opus : Sax Zenith, concert de jazz de l&#8217;ann\u00e9e<\/li>\n<li><strong>2013<\/strong> Nomin\u00e9 pour l&#8217;ADISQ : Random Masters, album de jazz de l&#8217;ann\u00e9e<\/li>\n<li><strong>2013<\/strong> Laur\u00e9at du Prix Opus : Concert de jazz de l&#8217;ann\u00e9e (avec Jerry Bergonzi et Phil Dwyer)<\/li>\n<li><strong>2011<\/strong> Laur\u00e9at du Prix F\u00e9lix : Album de jazz de l&#8217;ann\u00e9e (Tribute to Charlie Parker)<\/li>\n<\/ul>\n<\/div><\/section><\/div>\n<\/div><\/div><\/div>\n","protected":false},"excerpt":{"rendered":"","protected":false},"author":1,"featured_media":0,"parent":0,"menu_order":0,"comment_status":"closed","ping_status":"open","template":"","meta":{"footnotes":""},"class_list":["post-2","page","type-page","status-publish","hentry"],"_links":{"self":[{"href":"https:\/\/remibolduc.com\/fr\/wp-json\/wp\/v2\/pages\/2","targetHints":{"allow":["GET"]}}],"collection":[{"href":"https:\/\/remibolduc.com\/fr\/wp-json\/wp\/v2\/pages"}],"about":[{"href":"https:\/\/remibolduc.com\/fr\/wp-json\/wp\/v2\/types\/page"}],"author":[{"embeddable":true,"href":"https:\/\/remibolduc.com\/fr\/wp-json\/wp\/v2\/users\/1"}],"replies":[{"embeddable":true,"href":"https:\/\/remibolduc.com\/fr\/wp-json\/wp\/v2\/comments?post=2"}],"version-history":[{"count":0,"href":"https:\/\/remibolduc.com\/fr\/wp-json\/wp\/v2\/pages\/2\/revisions"}],"wp:attachment":[{"href":"https:\/\/remibolduc.com\/fr\/wp-json\/wp\/v2\/media?parent=2"}],"curies":[{"name":"wp","href":"https:\/\/api.w.org\/{rel}","templated":true}]}}